{"id":858,"date":"2025-04-02T17:20:47","date_gmt":"2025-04-02T14:20:47","guid":{"rendered":"https:\/\/betkom.net\/?page_id=858"},"modified":"2025-04-02T17:20:48","modified_gmt":"2025-04-02T14:20:48","slug":"betkom-bahis-ve-casino-stratejileri","status":"publish","type":"page","link":"https:\/\/betkom.net\/tr\/index.php\/betkom-bahis-ve-casino-stratejileri\/","title":{"rendered":"Betkom Bahis ve Casino Stratejileri"},"content":{"rendered":"\n<p>Betkom Bahis ve Casino Stratejileri ile Bahis ve casino oyunlar\u0131nda elbette\u00a0ba\u015far\u0131 elde etmek i\u00e7in belirli stratejiler uygulamak gerekir. Betkom, kullan\u0131c\u0131lar\u0131na elbette\u00a0kazan\u00e7lar\u0131n\u0131 art\u0131rmalar\u0131 i\u00e7in farkl\u0131 y\u00f6ntemler sunar. Bahislerde do\u011fru analiz yapmak ve elbette\u00a0casino oyunlar\u0131nda riskleri iyi y\u00f6netmek \u00f6nemlidir.<\/p>\n\n\n\n<h3 class=\"wp-block-heading\">Betkom Bahis ve Casino Stratejileri: Bahislerde Kazanma Taktikleri<\/h3>\n\n\n\n<p>Betkom Bahis ve Casino Stratejileri ile Bahis oynarken elbette\u00a0kazanma \u015fans\u0131n\u0131 art\u0131rmak i\u00e7in stratejik hareket etmek gerekir.<strong><a href=\"http:\/\/betkom.net\"> \u00d6ncelikle, ma\u00e7 analizleri <\/a><\/strong>yaparak elbette\u00a0en do\u011fru tercihleri belirlemek \u00f6nemlidir. Bahis oranlar\u0131n\u0131 kar\u015f\u0131la\u015ft\u0131rarak en avantajl\u0131 se\u00e7enekleri de\u011ferlendirmek de kazan\u00e7 \u015fans\u0131n\u0131 y\u00fckseltir.<\/p>\n\n\n\n<h3 class=\"wp-block-heading\">Betkom Bahis ve Casino Stratejileri: Casino Oyunlar\u0131nda Ba\u015far\u0131 Y\u00f6ntemleri<\/h3>\n\n\n\n<p>Casino oyunlar\u0131nda ba\u015far\u0131l\u0131 olmak i\u00e7in elbette\u00a0dikkatli hareket etmek gerekir. Slot oyunlar\u0131nda y\u00fcksek RTP oranlar\u0131na sahip makineler se\u00e7mek \u00f6nemlidir. Blackjack ve rulet gibi oyunlarda ise strateji uygulayarak kay\u0131plar\u0131 minimize etmek m\u00fcmk\u00fcnd\u00fcr.<\/p>\n\n\n\n<h3 class=\"wp-block-heading\">Betkom Bahis ve Casino Stratejileri: Kombine ve Tekli Bahis Stratejileri<\/h3>\n\n\n\n<p>Kombine bahisler, d\u00fc\u015f\u00fck miktarla y\u00fcksek kazan\u00e7 elde etmek isteyenler i\u00e7in avantajl\u0131d\u0131r. Ancak, tekli bahisler daha az risk ta\u015f\u0131r. Kazanma \u015fans\u0131n\u0131 art\u0131rmak i\u00e7in d\u00fc\u015f\u00fck oranl\u0131 ancak y\u00fcksek ihtimalli ma\u00e7lara yat\u0131r\u0131m yapmak ak\u0131ll\u0131ca olabilir.<\/p>\n\n\n\n<h3 class=\"wp-block-heading\">Betkom Oyunlarda En D\u00fc\u015f\u00fck Riskli Se\u00e7enekler<\/h3>\n\n\n\n<p>Casino ve bahis oyunlar\u0131nda riski en aza indirmek i\u00e7in belirli y\u00f6ntemler uygulanabilir. D\u00fc\u015f\u00fck volatiliteye sahip slot oyunlar\u0131n\u0131 tercih etmek, elbette\u00a0uzun vadede daha istikrarl\u0131 kazan\u00e7 sa\u011flar. Canl\u0131 bahislerde de d\u00fc\u015f\u00fck riskli se\u00e7enekler elbette\u00a0de\u011ferlendirilerek g\u00fcvenli yat\u0131r\u0131mlar yap\u0131labilir.<\/p>\n\n\n\n<h3 class=\"wp-block-heading\">Betkom Canl\u0131 Bahislerde En \u0130yi Oranlar<\/h3>\n\n\n\n<p>Canl\u0131 bahislerde y\u00fcksek oranlar\u0131 elbette\u00a0yakalamak i\u00e7in do\u011fru an\u0131 beklemek \u00f6nemlidir. Ma\u00e7\u0131n gidi\u015fat\u0131na g\u00f6re oranlar de\u011fi\u015fir ve en uygun zamanda bahis yapmak kazan\u00e7 \u015fans\u0131n\u0131 art\u0131r\u0131r. Anl\u0131k analizler yaparak en iyi oranlar\u0131 de\u011ferlendirmek m\u00fcmk\u00fcnd\u00fcr.<\/p>\n\n\n\n<h3 class=\"wp-block-heading\">Betkom Bahislerde Analiz ve \u0130statistik Kullan\u0131m\u0131<\/h3>\n\n\n\n<p>Bahislerde ba\u015far\u0131l\u0131 olman\u0131n en \u00f6nemli yollar\u0131ndan biri analiz yapmakt\u0131r. Tak\u0131mlar\u0131n ve oyuncular\u0131n ge\u00e7mi\u015f performanslar\u0131 incelenerek elbette\u00a0en do\u011fru tahminler olu\u015fturulabilmekte. Betkom, kullan\u0131c\u0131lar\u0131na analiz yapmalar\u0131 i\u00e7in istatistiksel veriler sunar.<\/p>\n\n\n\n<h3 class=\"wp-block-heading\">Betkom Bahislerde Risk ve \u00d6d\u00fcl Dengesi<\/h3>\n\n\n\n<p>Bahis yaparken elbette\u00a0risk ve \u00f6d\u00fcl dengesini iyi ayarlamak gerekir. Y\u00fcksek kazan\u00e7 vaat eden bahisler y\u00fcksek risk ta\u015f\u0131yabilmekte. Bu nedenle, dengeli bir oyun stratejisi belirleyerek uzun vadede istikrarl\u0131 kazan\u00e7 sa\u011flamak m\u00fcmk\u00fcnd\u00fcr.<\/p>\n\n\n\n<h3 class=\"wp-block-heading\">Betkom En Pop\u00fcler Bahis Stratejileri<\/h3>\n\n\n\n<p>Bahis d\u00fcnyas\u0131nda en \u00e7ok kullan\u0131lan stratejilerden biri, d\u00fc\u015f\u00fck riskli ancak y\u00fcksek ihtimalli bahisleri de\u011ferlendirmektir. Oran analizleri yaparak kazan\u00e7 ihtimali y\u00fcksek olan se\u00e7enekleri tercih etmek uzun vadede daha karl\u0131 olabilmekte<\/p>\n\n\n\n<h3 class=\"wp-block-heading\">Betkom Mobil Bahis Yaparken Kullan\u0131c\u0131 \u0130pu\u00e7lar\u0131<\/h3>\n\n\n\n<p>Mobil bahis yaparken dikkat edilmesi gereken baz\u0131 noktalar vard\u0131r. H\u0131zl\u0131 ve g\u00fcvenli bir internet ba\u011flant\u0131s\u0131 sa\u011flamak, anl\u0131k bahislerde avantaj sa\u011flar. Ayr\u0131ca, mobil uygulama \u00fczerinden <strong><a href=\"https:\/\/cutt.ly\/oe22r2TV\" rel=\"nofollow noopener\" target=\"_blank\">promosyonlar\u0131 takip ederek <\/a><\/strong>ekstra kazan\u00e7 elde edilebilmekte<\/p>\n\n\n\n<h3 class=\"wp-block-heading\">Betkom Bahislerde Bonus ve Promosyon F\u0131rsatlar\u0131<\/h3>\n\n\n\n<p>Bonus ve promosyonlar, bahis oynarken kazan\u00e7lar\u0131 art\u0131rmak i\u00e7in \u00f6nemli avantajlar sunar. Kullan\u0131c\u0131lar, yat\u0131r\u0131mlar\u0131na ek olarak bonuslar alarak daha fazla bahis yapabilmekte. Betkom, \u00fcyelerine \u00e7e\u015fitli promosyonlar sunarak kazan\u00e7 f\u0131rsatlar\u0131n\u0131 art\u0131r\u0131r.<\/p>\n","protected":false},"excerpt":{"rendered":"<p>Betkom Bahis ve Casino Stratejileri ile Bahis ve casino oyunlar\u0131nda elbette\u00a0ba\u015far\u0131 elde etmek i\u00e7in belirli stratejiler uygulamak gerekir. Betkom, kullan\u0131c\u0131lar\u0131na elbette\u00a0kazan\u00e7lar\u0131n\u0131 art\u0131rmalar\u0131 i\u00e7in farkl\u0131 y\u00f6ntemler sunar. Bahislerde do\u011fru analiz yapmak ve elbette\u00a0casino oyunlar\u0131nda riskleri iyi y\u00f6netmek \u00f6nemlidir. Betkom Bahis ve Casino Stratejileri: Bahislerde Kazanma Taktikleri Betkom Bahis ve Casino Stratejileri ile Bahis oynarken elbette\u00a0kazanma \u015fans\u0131n\u0131 &hellip;<\/p>\n","protected":false},"author":1,"featured_media":855,"parent":0,"menu_order":0,"comment_status":"closed","ping_status":"closed","template":"","meta":{"footnotes":""},"class_list":["post-858","page","type-page","status-publish","has-post-thumbnail",""],"_links":{"self":[{"href":"https:\/\/betkom.net\/tr\/index.php\/wp-json\/wp\/v2\/pages\/858","targetHints":{"allow":["GET"]}}],"collection":[{"href":"https:\/\/betkom.net\/tr\/index.php\/wp-json\/wp\/v2\/pages"}],"about":[{"href":"https:\/\/betkom.net\/tr\/index.php\/wp-json\/wp\/v2\/types\/page"}],"author":[{"embeddable":true,"href":"https:\/\/betkom.net\/tr\/index.php\/wp-json\/wp\/v2\/users\/1"}],"replies":[{"embeddable":true,"href":"https:\/\/betkom.net\/tr\/index.php\/wp-json\/wp\/v2\/comments?post=858"}],"version-history":[{"count":1,"href":"https:\/\/betkom.net\/tr\/index.php\/wp-json\/wp\/v2\/pages\/858\/revisions"}],"predecessor-version":[{"id":859,"href":"https:\/\/betkom.net\/tr\/index.php\/wp-json\/wp\/v2\/pages\/858\/revisions\/859"}],"wp:featuredmedia":[{"embeddable":true,"href":"https:\/\/betkom.net\/tr\/index.php\/wp-json\/wp\/v2\/media\/855"}],"wp:attachment":[{"href":"https:\/\/betkom.net\/tr\/index.php\/wp-json\/wp\/v2\/media?parent=858"}],"curies":[{"name":"wp","href":"https:\/\/api.w.org\/{rel}","templated":true}]}}