{"id":853,"date":"2025-04-02T17:51:48","date_gmt":"2025-04-02T14:51:48","guid":{"rendered":"https:\/\/betkom.net\/?page_id=853"},"modified":"2025-04-02T17:51:48","modified_gmt":"2025-04-02T14:51:48","slug":"betkom-musteri-destek-hizmetleri","status":"publish","type":"page","link":"https:\/\/betkom.net\/tr\/index.php\/betkom-musteri-destek-hizmetleri\/","title":{"rendered":"Betkom M\u00fc\u015fteri Destek Hizmetleri"},"content":{"rendered":"\n<p>Betkom M\u00fc\u015fteri Destek Hizmetleri ile, kullan\u0131c\u0131lar\u0131na her zaman kaliteli destek sunmay\u0131 ama\u00e7lar. \u00dcyeler, ya\u015fad\u0131klar\u0131 sorunlar\u0131 k\u0131sa s\u00fcrede \u00e7\u00f6zmek i\u00e7in bir\u00e7ok farkl\u0131 ileti\u015fim elbette\u00a0se\u00e7ene\u011fine sahiptir. Canl\u0131 destek, e-posta ve telefon deste\u011fi gibi y\u00f6ntemlerle profesyonel bir ekipten yard\u0131m alabilirsiniz.<\/p>\n\n\n\n<h3 class=\"wp-block-heading\">Betkom M\u00fc\u015fteri Destek Hizmetleri: 7\/24 Canl\u0131 Destek \u0130mkan\u0131<\/h3>\n\n\n\n<p>Betkom\u2019un sundu\u011fu canl\u0131 destek hizmeti, g\u00fcn\u00fcn her saatinde aktiftir. Kullan\u0131c\u0131lar, <strong><a href=\"http:\/\/betkom.net\">bahis veya oyunlarla<\/a><\/strong> ilgili ya\u015fad\u0131klar\u0131 sorunlar\u0131 an\u0131nda iletip \u00e7\u00f6z\u00fcm bulabilmekte. Canl\u0131 destek ekibi, h\u0131zl\u0131 ve \u00e7\u00f6z\u00fcm odakl\u0131 yakla\u015f\u0131mlar\u0131yla her konuda yard\u0131mc\u0131 olur.<\/p>\n\n\n\n<h3 class=\"wp-block-heading\">Betkom M\u00fc\u015fteri Destek Hizmetleri: E-posta ve Telefon Deste\u011fi<\/h3>\n\n\n\n<p>Betkom, kullan\u0131c\u0131lar\u0131na alternatif ileti\u015fim se\u00e7enekleri sunar. E-posta deste\u011fi ile detayl\u0131 sorunlar\u0131 yaz\u0131l\u0131 olarak iletebilirsiniz. Telefon deste\u011fi sayesinde ise do\u011frudan bir m\u00fc\u015fteri temsilcisiyle g\u00f6r\u00fc\u015ferek daha h\u0131zl\u0131 yan\u0131t alabilirsiniz.<\/p>\n\n\n\n<h3 class=\"wp-block-heading\">Betkom M\u00fc\u015fteri Destek Hizmetleri: Destek Ekibine Kolay Ula\u015f\u0131m<\/h3>\n\n\n\n<p>Destek ekibine ula\u015fmak olduk\u00e7a kolayd\u0131r. Web sitesindeki canl\u0131 destek butonu, e-posta adresi ve telefon numaras\u0131 sayesinde kullan\u0131c\u0131lar diledikleri an yard\u0131m talebinde bulunabilmekte. Betkom, destek ekibini her zaman eri\u015filebilir k\u0131lar.<\/p>\n\n\n\n<h3 class=\"wp-block-heading\">Betkom Canl\u0131 Destek \u00c7\u00f6z\u00fcm S\u00fcre\u00e7leri<\/h3>\n\n\n\n<p>Canl\u0131 destek ekibi, kullan\u0131c\u0131lar\u0131n ya\u015fad\u0131\u011f\u0131 sorunlar\u0131 h\u0131zl\u0131ca de\u011ferlendirir. \u00dcyeler, destek ekibiyle ileti\u015fime ge\u00e7tikten sonra gerekli y\u00f6nlendirmeleri alarak k\u0131sa s\u00fcrede \u00e7\u00f6z\u00fcm bulur. Betkom, kullan\u0131c\u0131 deneyimini iyile\u015ftirmek i\u00e7in her zaman etkili \u00e7\u00f6z\u00fcmler sunar.<\/p>\n\n\n\n<h3 class=\"wp-block-heading\">Betkom Kullan\u0131c\u0131 Memnuniyeti \u0130\u00e7in Al\u0131nan \u00d6nlemler<\/h3>\n\n\n\n<p>Kullan\u0131c\u0131 memnuniyetini art\u0131rmak i\u00e7in bir\u00e7ok \u00f6nlem al\u0131n\u0131r. Destek ekibi, h\u0131zl\u0131 ve do\u011fru \u00e7\u00f6z\u00fcmler sunarak \u00fcyelerin ya\u015fad\u0131\u011f\u0131 aksakl\u0131klar\u0131 minimum seviyeye indirir. <\/p>\n\n\n\n<h3 class=\"wp-block-heading\">Betkom Destek Ekibi ile Anl\u0131k \u00c7\u00f6z\u00fcm<\/h3>\n\n\n\n<p>Betkom\u2019un m\u00fc\u015fteri destek ekibi, sorunlar\u0131 an\u0131nda \u00e7\u00f6zmek i\u00e7in kesintisiz \u00e7al\u0131\u015f\u0131r. Canl\u0131 destek hizmeti sayesinde kullan\u0131c\u0131lar, kar\u015f\u0131la\u015ft\u0131klar\u0131 problemlere k\u0131sa s\u00fcrede yan\u0131t al\u0131r. <\/p>\n\n\n\n<h3 class=\"wp-block-heading\">Betkom Destek Hizmetleri ve Yan\u0131t S\u00fcresi<\/h3>\n\n\n\n<p>Destek ekibine ula\u015fan elbette\u00a0talepler en k\u0131sa s\u00fcrede yan\u0131tlan\u0131r. Canl\u0131 elbette\u00a0destek hizmeti saniyeler i\u00e7inde ba\u011flant\u0131 sa\u011flar. E-posta ile yap\u0131lan ba\u015fvurular ise en ge\u00e7 24 saat i\u00e7inde elbette\u00a0sonu\u00e7land\u0131r\u0131l\u0131r. Kullan\u0131c\u0131lar\u0131n bekleme s\u00fcresi minimuma indirilir.<\/p>\n\n\n\n<h3 class=\"wp-block-heading\">Betkom Kullan\u0131c\u0131 Sorular\u0131 ve Geri Bildirimleri<\/h3>\n\n\n\n<p>Kullan\u0131c\u0131lar\u0131n geri bildirimleri, hizmet kalitesini art\u0131rmada elbette\u00a0b\u00fcy\u00fck rol oynar. Betkom, \u00fcyelerden gelen her t\u00fcrl\u00fc yorumu dikkate alarak destek elbette\u00a0s\u00fcre\u00e7lerini geli\u015ftirmeye devam eder.<\/p>\n\n\n\n<h3 class=\"wp-block-heading\">Betkom M\u00fc\u015fteri Deste\u011fi ile Ya\u015fanan Deneyimler<\/h3>\n\n\n\n<p>Kullan\u0131c\u0131lar, m\u00fc\u015fteri destek hizmetlerinden genel olarak memnundur.<strong><a href=\"https:\/\/cutt.ly\/oe22r2TV\" rel=\"nofollow noopener\" target=\"_blank\"> H\u0131zl\u0131 yan\u0131t s\u00fcreleri<\/a><\/strong> ve \u00e7\u00f6z\u00fcm odakl\u0131 yakla\u015f\u0131mlar, \u00fcyelerin ya\u015fad\u0131\u011f\u0131 deneyimi olumlu y\u00f6nde etkiler. Betkom, elbette\u00a0destek ekibinin her zaman en iyi hizmeti sunmas\u0131n\u0131 sa\u011flar.<\/p>\n\n\n\n<h3 class=\"wp-block-heading\">Betkom Alternatif \u0130leti\u015fim Kanallar\u0131<\/h3>\n\n\n\n<p>Kullan\u0131c\u0131lar, destek ekibine ula\u015fmak i\u00e7in elbette\u00a0farkl\u0131 y\u00f6ntemlerden yararlanabilir. Sosyal medya platformlar\u0131, e-posta ve canl\u0131 destek gibi bir\u00e7ok se\u00e7enek mevcuttur. Elbette\u00a0Betkom, \u00fcyelerinin her zaman kolayca ileti\u015fim kurabilmesini sa\u011flar.<\/p>\n","protected":false},"excerpt":{"rendered":"<p>Betkom M\u00fc\u015fteri Destek Hizmetleri ile, kullan\u0131c\u0131lar\u0131na her zaman kaliteli destek sunmay\u0131 ama\u00e7lar. \u00dcyeler, ya\u015fad\u0131klar\u0131 sorunlar\u0131 k\u0131sa s\u00fcrede \u00e7\u00f6zmek i\u00e7in bir\u00e7ok farkl\u0131 ileti\u015fim elbette\u00a0se\u00e7ene\u011fine sahiptir. Canl\u0131 destek, e-posta ve telefon deste\u011fi gibi y\u00f6ntemlerle profesyonel bir ekipten yard\u0131m alabilirsiniz. Betkom M\u00fc\u015fteri Destek Hizmetleri: 7\/24 Canl\u0131 Destek \u0130mkan\u0131 Betkom\u2019un sundu\u011fu canl\u0131 destek hizmeti, g\u00fcn\u00fcn her saatinde aktiftir. Kullan\u0131c\u0131lar, &hellip;<\/p>\n","protected":false},"author":1,"featured_media":856,"parent":0,"menu_order":0,"comment_status":"closed","ping_status":"closed","template":"","meta":{"footnotes":""},"class_list":["post-853","page","type-page","status-publish","has-post-thumbnail",""],"_links":{"self":[{"href":"https:\/\/betkom.net\/tr\/index.php\/wp-json\/wp\/v2\/pages\/853","targetHints":{"allow":["GET"]}}],"collection":[{"href":"https:\/\/betkom.net\/tr\/index.php\/wp-json\/wp\/v2\/pages"}],"about":[{"href":"https:\/\/betkom.net\/tr\/index.php\/wp-json\/wp\/v2\/types\/page"}],"author":[{"embeddable":true,"href":"https:\/\/betkom.net\/tr\/index.php\/wp-json\/wp\/v2\/users\/1"}],"replies":[{"embeddable":true,"href":"https:\/\/betkom.net\/tr\/index.php\/wp-json\/wp\/v2\/comments?post=853"}],"version-history":[{"count":1,"href":"https:\/\/betkom.net\/tr\/index.php\/wp-json\/wp\/v2\/pages\/853\/revisions"}],"predecessor-version":[{"id":857,"href":"https:\/\/betkom.net\/tr\/index.php\/wp-json\/wp\/v2\/pages\/853\/revisions\/857"}],"wp:featuredmedia":[{"embeddable":true,"href":"https:\/\/betkom.net\/tr\/index.php\/wp-json\/wp\/v2\/media\/856"}],"wp:attachment":[{"href":"https:\/\/betkom.net\/tr\/index.php\/wp-json\/wp\/v2\/media?parent=853"}],"curies":[{"name":"wp","href":"https:\/\/api.w.org\/{rel}","templated":true}]}}