{"id":8,"date":"2023-03-16T20:46:45","date_gmt":"2023-03-16T20:46:45","guid":{"rendered":"https:\/\/betkom.net\/?page_id=8"},"modified":"2023-10-10T18:32:20","modified_gmt":"2023-10-10T15:32:20","slug":"guvenilir-bahis-sitesi-betkom","status":"publish","type":"page","link":"https:\/\/betkom.net\/tr\/index.php\/guvenilir-bahis-sitesi-betkom\/","title":{"rendered":"G\u00fcvenilir Bahis Sitesi Betkom"},"content":{"rendered":"\n<p><strong>G\u00fcvenilir bahis sitesi Betkom<\/strong>&nbsp;her ge\u00e7en g\u00fcn pop\u00fclaritesini art\u0131rmaya devam ediyor. Her bahis tutkunu paras\u0131n\u0131 g\u00fcvenilir bir \u015firkette harcamak ister. \u015e\u00fcphesiz bu en do\u011fal haklar\u0131d\u0131r. En b\u00fcy\u00fck g\u00fcven g\u00f6stergelerinden biri ise lisanst\u0131r. Betkom, faaliyete ge\u00e7ti\u011fi ilk andan itibaren lisansl\u0131 bir \u015fekilde hizmet vermektedir. Cura\u00e7ao h\u00fck\u00fcmetinden e-gaming lisans\u0131 alm\u0131\u015ft\u0131r. Bu lisans neticesinde casino, slot ve canl\u0131 bahis oyunlar\u0131 oynatabilmektedir. Bilgilere \u015firketin anasayfas\u0131n\u0131n en alt k\u0131sm\u0131ndan ula\u015fabilirsiniz. Burada t\u00fcm lisans bilgileri apa\u00e7\u0131k payla\u015f\u0131lmaktad\u0131r. B\u00f6ylece bahis severlerin kafas\u0131ndaki soru i\u015faretleri giderilmekte. E\u011fer ger\u00e7ekten kaliteli, g\u00fcvenilir ve kazan\u00e7l\u0131 bir bahis platformu ar\u0131yorsan\u0131z do\u011fru adres Betk\u0131m casino sitesi olabilmekte.<\/p>\n\n\n\n<h2 class=\"wp-block-heading\"><strong>Betkom Kalitesi<\/strong><strong><\/strong><\/h2>\n\n\n\n<p>En pop\u00fcler online bahis sitelerinden biri olan <strong>Betkom kalitesi<\/strong>&nbsp;tart\u0131\u015f\u0131lmaz niteliktedir. \u015eirket, kullan\u0131c\u0131lar\u0131na g\u00fcncel giri\u015f adresleri ile \u00f6nemli kolayl\u0131klar sunmaktad\u0131r. Mevcut giri\u015f adresine ula\u015fan herkes, \u00f6ncelikle \u00fcyelik i\u015flemini tamamlayarak bu aileye kat\u0131labilir. Online bahislerin yer ald\u0131\u011f\u0131 site, bahis oyunlar\u0131 konusunda da g\u00fcvenilir bir hizmet sunuyor. Ayr\u0131ca sitede gezinmek isteyenlere \u00f6zel geli\u015ftirilen birbirinden g\u00fczel oyunlar, kullan\u0131c\u0131lar taraf\u0131ndan olumlu yorumlar al\u0131nmakta. Betkom taraf\u0131ndan sunulan \u00e7e\u015fitli spor ve casino oyunlar\u0131na kat\u0131lan oyuncular ger\u00e7ek para kazanma \u015fans\u0131na sahiptir. Pop\u00fclaritesi her ge\u00e7en g\u00fcn artan site geni\u015f bir kitleye ula\u015fm\u0131\u015ft\u0131r. \u00d6zellikle k\u0131sa s\u00fcre i\u00e7erisinde bahis tutkunlar\u0131n\u0131n ilgi oda\u011f\u0131 haline getirmi\u015ftir.&nbsp;T\u00fcm bunlar\u0131n yan\u0131nda harika bonus f\u0131rsatlar\u0131 da bulunmaktad\u0131r.<\/p>\n\n\n\n<h3 class=\"wp-block-heading\"><strong>Betkom Canl\u0131 Destek<\/strong><strong><\/strong><\/h3>\n\n\n\n<p>Kaliteli hizmet vermek, casino sekt\u00f6r\u00fcnde canl\u0131 destek hizmeti sunan bir firma se\u00e7mek olduk\u00e7a \u00f6nemlidir. Sonu\u00e7ta casino oyuncular\u0131 ve bahis tutkunlar\u0131 sitenin \u00e7al\u0131\u015fanlar\u0131 ile ileti\u015fime ge\u00e7ti\u011finde kendilerini daha rahat hissedeceklerdir. Bunu bilen <strong>Betkom canl\u0131 destek<\/strong>&nbsp;hizmeti sunarak oyuncular\u0131n de\u011ferli zamanlar\u0131ndan tasarruf etmelerine yard\u0131mc\u0131 olur. \u00d6zellikle canl\u0131 yard\u0131m hatt\u0131 siteye \u00fcye olan ki\u015filer i\u00e7in olduk\u00e7a \u00f6nemlidir. Canl\u0131 destek hizmeti olmas\u0131 sizlere bir\u00e7ok avantaj sa\u011flamaktad\u0131r. Bu hizmet sayesinde var olan \u015fikayetler k\u0131sa s\u00fcrede raporlanmaktad\u0131r. Canl\u0131 destek biriminin bir di\u011fer avantaj\u0131 da site ile ilgili be\u011fendiklerinizi s\u00f6yleyebilmenizdir.<\/p>\n\n\n\n<h3 class=\"wp-block-heading\"><strong>Betkom Canl\u0131 Destek Saatleri<\/strong><strong><\/strong><\/h3>\n\n\n\n<p>Casino oyuncular\u0131 Betkom canl\u0131 yard\u0131m hatt\u0131n\u0131 gece g\u00fcnd\u00fcz kullanabilmekte. Platform gece g\u00fcnd\u00fcz kesintisiz bir \u015fekilde kullan\u0131lmaktad\u0131r. Bu nedenle canl\u0131 destek ba\u011flant\u0131 s\u00fcreleri de\u011fi\u015febilmekte. Bu ba\u011flamda siteye \u00fcye olan ki\u015filer Betkom\u2019un canl\u0131 destek ekibinin \u00e7al\u0131\u015fma saatlerini soruyorlar. \u015eirket, \u00fcyelerine daha iyi bir ortam sunabilmek i\u00e7in her an ula\u015fabilecekleri bir canl\u0131 destek birimi olu\u015fturmu\u015ftur. <strong>Betkom canl\u0131 destek saatleri<\/strong>&nbsp;haftan\u0131n her g\u00fcn\u00fc ve her saatini kapsamaktad\u0131r. Canl\u0131 destek hizmetleri kesintisiz devam eder, bu sayede siteye \u00fcye olan ki\u015filer an\u0131nda canl\u0131 destek ile ileti\u015fime ge\u00e7ebilmekte. Kesintisiz bir canl\u0131 destek hizmeti sunmas\u0131, \u00fcyeleri nezdinde platformu olduk\u00e7a g\u00fcvenilir k\u0131lmaktad\u0131r<\/p>\n\n\n\n<h4 class=\"wp-block-heading\"><strong>Betkom Canl\u0131 Deste\u011fe Nas\u0131l Ba\u011flan\u0131l\u0131r?<\/strong><strong><\/strong><\/h4>\n\n\n\n<p>Betkom en kullan\u0131c\u0131 dostu bahis sitelerinden biridir. Kullan\u0131m\u0131 o kadar kolay ki, canl\u0131 deste\u011fe ba\u011flanmak hi\u00e7 de zor olmamal\u0131. Hatta, olduk\u00e7a uygun bir ba\u011flant\u0131 seviyesi olan canl\u0131 deste\u011fe ba\u011flanmak i\u00e7in \u00f6ncelikle g\u00fcncel Betkom ana sayfas\u0131n\u0131 ziyaret etmeniz gerekmektedir. Elbette \u015f<a href=\"https:\/\/betkom.net\/\">irketin <\/a>mevcut ana sayfas\u0131 g\u00f6r\u00fcnt\u00fclenmeden canl\u0131 deste\u011fe ba\u011flanmak m\u00fcmk\u00fcn de\u011fildir. Ayr\u0131ca mevcut giri\u015f sayfas\u0131n\u0131 g\u00f6r\u00fcnt\u00fcleyen bir kullan\u0131c\u0131, sitenin alt k\u0131sm\u0131ndaki destek d\u00fc\u011fmesini bulmal\u0131d\u0131r. Destek d\u00fc\u011fmesine t\u0131klayan ki\u015filer, e-posta ile canl\u0131 deste\u011fe ba\u011flanmak i\u00e7in listeden bir neden se\u00e7mek zorunda kalacak. Gerekli bilgileri a\u00e7\u0131k ve eksiksiz bir \u015fekilde girdikten sonra G\u00f6r\u00fc\u015fme Ba\u015flat butonuna t\u0131klayarak Canl\u0131 Destek ile ileti\u015fime ge\u00e7ebilirsiniz.&nbsp;<strong>G\u00fcvenilir bahis sitesi Betkom <\/strong>sayesinde sizde s\u0131k\u0131c\u0131 platformlardan kurtulabilirsiniz. Birbirinden g\u00fczel avantajlardan yararlanabilmekte i\u00e7in \u00fcye olman\u0131zda fayda vard\u0131r.<\/p>\n","protected":false},"excerpt":{"rendered":"<p>G\u00fcvenilir bahis sitesi Betkom&nbsp;her ge\u00e7en g\u00fcn pop\u00fclaritesini art\u0131rmaya devam ediyor. Her bahis tutkunu paras\u0131n\u0131 g\u00fcvenilir bir \u015firkette harcamak ister. \u015e\u00fcphesiz bu en do\u011fal haklar\u0131d\u0131r. En b\u00fcy\u00fck g\u00fcven g\u00f6stergelerinden biri ise lisanst\u0131r. Betkom, faaliyete ge\u00e7ti\u011fi ilk andan itibaren lisansl\u0131 bir \u015fekilde hizmet vermektedir. Cura\u00e7ao h\u00fck\u00fcmetinden e-gaming lisans\u0131 alm\u0131\u015ft\u0131r. Bu lisans neticesinde casino, slot ve canl\u0131 bahis &hellip;<\/p>\n","protected":false},"author":1,"featured_media":0,"parent":0,"menu_order":0,"comment_status":"closed","ping_status":"closed","template":"","meta":{"footnotes":""},"class_list":["post-8","page","type-page","status-publish",""],"_links":{"self":[{"href":"https:\/\/betkom.net\/tr\/index.php\/wp-json\/wp\/v2\/pages\/8","targetHints":{"allow":["GET"]}}],"collection":[{"href":"https:\/\/betkom.net\/tr\/index.php\/wp-json\/wp\/v2\/pages"}],"about":[{"href":"https:\/\/betkom.net\/tr\/index.php\/wp-json\/wp\/v2\/types\/page"}],"author":[{"embeddable":true,"href":"https:\/\/betkom.net\/tr\/index.php\/wp-json\/wp\/v2\/users\/1"}],"replies":[{"embeddable":true,"href":"https:\/\/betkom.net\/tr\/index.php\/wp-json\/wp\/v2\/comments?post=8"}],"version-history":[{"count":3,"href":"https:\/\/betkom.net\/tr\/index.php\/wp-json\/wp\/v2\/pages\/8\/revisions"}],"predecessor-version":[{"id":187,"href":"https:\/\/betkom.net\/tr\/index.php\/wp-json\/wp\/v2\/pages\/8\/revisions\/187"}],"wp:attachment":[{"href":"https:\/\/betkom.net\/tr\/index.php\/wp-json\/wp\/v2\/media?parent=8"}],"curies":[{"name":"wp","href":"https:\/\/api.w.org\/{rel}","templated":true}]}}