{"id":39,"date":"2023-03-16T22:31:37","date_gmt":"2023-03-16T22:31:37","guid":{"rendered":"https:\/\/betkom.net\/?page_id=39"},"modified":"2023-10-10T18:32:42","modified_gmt":"2023-10-10T15:32:42","slug":"betkom-giris","status":"publish","type":"page","link":"https:\/\/betkom.net\/tr\/index.php\/betkom-giris\/","title":{"rendered":"Betkom Giri\u015f"},"content":{"rendered":"\n<p>Betkom bahis firmas\u0131na giri\u015f konusunda s\u0131k\u0131nt\u0131 ya\u015famayacaks\u0131n\u0131z. <strong>Betkom giri\u015f<\/strong>&nbsp;kolayl\u0131\u011f\u0131 sa\u011flayarak bahislerinizi sorunsuz \u015fekilde yapman\u0131z\u0131 sa\u011flar. Sekt\u00f6rde en iyi hizmetleri sunarak fark\u0131n\u0131 ortaya koyan kaliteli bahis firmas\u0131 ile oyunlar\u0131 sorunsuz \u015fekilde oynamaya ba\u015flayabilirsiniz. G\u00fcvenilir bir bahis firmas\u0131 olmay\u0131 ba\u015faranm Betkom lisansl\u0131d\u0131r. B\u00f6ylelikle yasal \u015fekilde bahis hizmetlerinden yararlanman\u0131za yard\u0131mc\u0131 olur.<\/p>\n\n\n\n<p>Betkom sorunsuz bahis firmas\u0131 ile bundan sonra s\u0131k\u0131nt\u0131s\u0131z \u015fekilde oyunlar\u0131n oynanmas\u0131n\u0131 sa\u011flamaya ba\u015flam\u0131\u015f olursunuz. Betkom \u00fcst d\u00fczey standartlarda bir hizmet sunan adres olurken s\u00fcrekli bahis severlere y\u00f6nelik hizmet sunar. Bu durum sekt\u00f6rde tercih edilen adresler aras\u0131nda yer almas\u0131na neden oluyor. Bahis\u00e7iler i\u00e7in daima sundu\u011fu ayr\u0131cal\u0131kl\u0131 hizmetler neticesinde fark\u0131n\u0131 ortaya koyar. Geni\u015f oyun alternatifi sayesinde diledi\u011finiz her \u015feyi bahis sistemi i\u00e7erisinde bularak yararlanman\u0131za yard\u0131mc\u0131 olunur.<\/p>\n\n\n\n<h2 class=\"wp-block-heading\"><strong>Betkom Giri\u015f Mobil Hizmeti <\/strong><strong><\/strong><\/h2>\n\n\n\n<p>Betkom hizmet sayesinde art\u0131k pek \u00e7ok \u015fekilde eri\u015fim sa\u011flayabilirsiniz. Ve <strong>Betkom giri\u015f mobil hizmeti <\/strong>ile oyunlar\u0131 \u00e7ok daha iyi \u015fekilde oynama \u015fans\u0131na sahip olabilirsiniz. &nbsp;Mobil uygulama hizmeti sayesinde sisteme h\u0131zl\u0131 \u015fekilde giri\u015f yapabilirsiniz. G\u00fcvenilir \u015fekilde oyunlar\u0131 oynayabilir ve bahislerinizi yapabilirsiniz. Sorunsuz bahis hizmeti ile bundan sonra oyunlar\u0131n g\u00f6n\u00fcl rahatl\u0131\u011f\u0131yla oynayabilirsiniz.<\/p>\n\n\n\n<p>Mobil bahis sitesinde oyunlar\u0131n s\u0131k\u0131nt\u0131s\u0131z \u015fekilde oynanmas\u0131n\u0131 sa\u011flayabilirsiniz. G\u00fcven veren bir bahis hizmeti ile oyunlar\u0131 daha sorunsuz \u015fekilde oynayacaks\u0131n\u0131z. Mobil bahis adresinde \u015fu hizmetleri bulacaks\u0131n\u0131z;<\/p>\n\n\n\n<ul class=\"wp-block-list\">\n<li>Canl\u0131 bahis hizmeti ile en g\u00fczel m\u00fcsabakalar\u0131 izleyip kuponlar\u0131n yap\u0131lmas\u0131n\u0131 sa\u011flayabilirsiniz<\/li>\n\n\n\n<li>M\u00fc\u015fteri hizmetleri ile 7\/24 eri\u015fim kolayl\u0131\u011f\u0131 sa\u011flan\u0131yor<\/li>\n\n\n\n<li>Bahis oyunlar\u0131 \u00e7ok fazlad\u0131r ve istedi\u011finizi bulabilirsiniz. Spor bahis oranlar\u0131 ve canl\u0131 bahisleri de bulacaks\u0131n\u0131z.<\/li>\n<\/ul>\n\n\n\n<p>G\u00fcvenilir bahis hizmeti dendi\u011fi zaman Betkom sitesinde olabilirsiniz. Online bahis sitesi ile oyunlar\u0131n g\u00fcvenle oynanmas\u0131n\u0131 sa\u011flayabilirsiniz. En iyi g\u00fcvenilir ve canl\u0131 bahis siteleri i\u00e7in hemen Betkom adresinde olabilirsiniz.<\/p>\n\n\n\n<h3 class=\"wp-block-heading\"><strong>Betkom G\u00fcncel Adresine Giri\u015f <\/strong><strong><\/strong><\/h3>\n\n\n\n<p>Betkom sitesinin s\u0131k\u0131nt\u0131s\u0131z hizmetlerinden yararlanmaya ba\u015flayabilirsiniz. Ve <strong>Betkom g\u00fcncel adresine giri\u015f <\/strong>yaparak oyunlar\u0131 oynayabilirsiniz. S\u00fcrekli \u00fcst d\u00fczey standartlarda bir hizmet ortaya koyan kaliteli adres sayesinde bahis oyunlar\u0131n\u0131 g\u00fcvenle oynamaya ba\u015flam\u0131\u015f olacaks\u0131n\u0131z. Betkom devaml\u0131 bahis oyunlar\u0131n\u0131 oynamaya devam ederken ne zaman istiyorsan\u0131z oyunlar\u0131n oynanmas\u0131n\u0131 sa\u011flamaya ba\u015flayabilirsiniz. \u0130nternet tabanl\u0131 \u015fekilde bahis ayr\u0131cal\u0131\u011f\u0131n\u0131 sunan adreste mobil uygulama ile eri\u015fim yapabilirsiniz. \u00d6zellikle mobil uygulama \u00fcye olarak an\u0131nda oyun oynayabilirsiniz.<\/p>\n\n\n\n<h3 class=\"wp-block-heading\"><strong>Betkom Yeni Adres Giri\u015f<\/strong><strong><\/strong><\/h3>\n\n\n\n<p><strong>Betkom yeni adres giri\u015f <\/strong>kolayl\u0131\u011f\u0131 sa\u011flar. Hatta, bu \u00f6zelli\u011fi ile sekt\u00f6r\u00fcn en iyi adreslerinden biri olmay\u0131 ba\u015far\u0131yor. Betkom en g\u00fcncel bahis adresi ile bundan sonra oyunlar\u0131n sorun ya\u015fanmadan oynanmas\u0131n\u0131 sa\u011flamaya ba\u015flam\u0131\u015f olacaks\u0131n\u0131z. Sekt\u00f6r\u00fcn en iddial\u0131 sitesinde vakit kayb\u0131 yapmadan bir an \u00f6nce yer almaya ba\u015flayabilirsiniz. Betkom ile diledi\u011finiz her bir oyunlar\u0131 bulacak ve s\u0131k\u0131nt\u0131s\u0131z \u015fekilde oynayacaks\u0131n\u0131z.<\/p>\n\n\n\n<p>Kupon yaparak devam\u0131nda bahis oyunlar\u0131n kazan\u0131lmas\u0131n\u0131 sa\u011flamaya ba\u015flam\u0131\u015f olacaks\u0131n\u0131z. En yeni oyunlar\u0131 da devaml\u0131 oynaman\u0131z\u0131 sa\u011flayacak olan kaliteli adreste vakit kayb\u0131 yapmadan yerinizi almaya ba\u015flayabilirsiniz. Elbette en iyi g\u00fcvenli ve sorunsuz bir \u015fekilde g\u00fcncel giri\u015f adresine eri\u015fim yapmaya ba\u015flayabilir. Kaliteli hizmet i\u00e7in bundan sonra Betkom adresinde yerinizi alabilir ve sorunsuz bahis ayr\u0131cal\u0131\u011f\u0131n\u0131 yakalamaya ba\u015flayabilirsiniz. Betkom yeni adresine an\u0131nda eri\u015fim yaparak oyunlar\u0131 bir an \u00f6nce oynamaya ba\u015flay\u0131n. \u00d6zellikle kazand\u0131rmaya odakl\u0131 bir bahis firmas\u0131 olan <a href=\"https:\/\/betkom.net\/\">Betkom<\/a> ile oyunlar\u0131 keyif i\u00e7erisinde oynayabilirsiniz.<\/p>\n\n\n\n<h4 class=\"wp-block-heading\"><strong>Betkom Sorunsuz Giri\u015f <\/strong><strong><\/strong><\/h4>\n\n\n\n<p><strong>Betkom sorunsuz giri\u015f<\/strong>&nbsp;i\u00e7in hemen sorunsuz adreste yer al\u0131n. Hatta, \u00fcyelik i\u00e7in 18 ya\u015f ve \u00fcst\u00fc olman\u0131z gerekiyor. B\u00f6ylelikle kolayca yapabilir ve hemen kuponlar\u0131n yap\u0131larak kazan\u00e7 sa\u011flamaya ba\u015flay\u0131n. Betkom ile en g\u00fczel bahis hizmetlerini bulacak ve oyunlar\u0131n\u0131 oynayacaks\u0131n\u0131z.<\/p>\n","protected":false},"excerpt":{"rendered":"<p>Betkom bahis firmas\u0131na giri\u015f konusunda s\u0131k\u0131nt\u0131 ya\u015famayacaks\u0131n\u0131z. Betkom giri\u015f&nbsp;kolayl\u0131\u011f\u0131 sa\u011flayarak bahislerinizi sorunsuz \u015fekilde yapman\u0131z\u0131 sa\u011flar. Sekt\u00f6rde en iyi hizmetleri sunarak fark\u0131n\u0131 ortaya koyan kaliteli bahis firmas\u0131 ile oyunlar\u0131 sorunsuz \u015fekilde oynamaya ba\u015flayabilirsiniz. G\u00fcvenilir bir bahis firmas\u0131 olmay\u0131 ba\u015faranm Betkom lisansl\u0131d\u0131r. B\u00f6ylelikle yasal \u015fekilde bahis hizmetlerinden yararlanman\u0131za yard\u0131mc\u0131 olur. Betkom sorunsuz bahis firmas\u0131 ile bundan sonra &hellip;<\/p>\n","protected":false},"author":1,"featured_media":0,"parent":0,"menu_order":0,"comment_status":"closed","ping_status":"closed","template":"","meta":{"footnotes":""},"class_list":["post-39","page","type-page","status-publish",""],"_links":{"self":[{"href":"https:\/\/betkom.net\/tr\/index.php\/wp-json\/wp\/v2\/pages\/39","targetHints":{"allow":["GET"]}}],"collection":[{"href":"https:\/\/betkom.net\/tr\/index.php\/wp-json\/wp\/v2\/pages"}],"about":[{"href":"https:\/\/betkom.net\/tr\/index.php\/wp-json\/wp\/v2\/types\/page"}],"author":[{"embeddable":true,"href":"https:\/\/betkom.net\/tr\/index.php\/wp-json\/wp\/v2\/users\/1"}],"replies":[{"embeddable":true,"href":"https:\/\/betkom.net\/tr\/index.php\/wp-json\/wp\/v2\/comments?post=39"}],"version-history":[{"count":2,"href":"https:\/\/betkom.net\/tr\/index.php\/wp-json\/wp\/v2\/pages\/39\/revisions"}],"predecessor-version":[{"id":231,"href":"https:\/\/betkom.net\/tr\/index.php\/wp-json\/wp\/v2\/pages\/39\/revisions\/231"}],"wp:attachment":[{"href":"https:\/\/betkom.net\/tr\/index.php\/wp-json\/wp\/v2\/media?parent=39"}],"curies":[{"name":"wp","href":"https:\/\/api.w.org\/{rel}","templated":true}]}}