{"id":31,"date":"2023-03-16T22:18:37","date_gmt":"2023-03-16T22:18:37","guid":{"rendered":"https:\/\/betkom.net\/?page_id=31"},"modified":"2023-10-10T18:32:59","modified_gmt":"2023-10-10T15:32:59","slug":"betkom-canli-mac-yayinlari","status":"publish","type":"page","link":"https:\/\/betkom.net\/tr\/index.php\/betkom-canli-mac-yayinlari\/","title":{"rendered":"Betkom Canl\u0131 Ma\u00e7 Yay\u0131nlar\u0131"},"content":{"rendered":"\n<p><strong>Betkom canl\u0131 ma\u00e7 yay\u0131nlar\u0131<\/strong>&nbsp;veren nadir bahis sitelerinden biridir. G\u00fcn\u00fcm\u00fczde say\u0131lamayacak kadar fazla bahis \u015firketi bulunuyor. Kullan\u0131c\u0131lar genellikle kendileri i\u00e7in en avantajl\u0131 olan siteleri tercih ederler. Her \u015firket kendine has avantajlar ve dezavantajlar bar\u0131nd\u0131r\u0131r. Ancak Betkom, \u00e7\u0131\u011f\u0131r a\u00e7an hizmetleri ile rakiplerinden s\u0131yr\u0131lmay\u0131 ba\u015far\u0131yor. Platformu farkl\u0131 k\u0131lan en \u00f6nemli \u00f6zelliklerden biri \u015f\u00fcphesiz ma\u00e7 yay\u0131nlar\u0131d\u0131r. Bu hizmeti veren sitelerin say\u0131s\u0131 bir elin parmaklar\u0131n\u0131 ge\u00e7mez. \u015eirketin ma\u00e7 yay\u0131nlar\u0131ndaki en b\u00fcy\u00fck fark\u0131 \u00fccretsiz olmas\u0131d\u0131r. Normal \u015fartlar ma\u00e7 izleyebilmeniz i\u00e7in yay\u0131nc\u0131 kurulu\u015flardan abonelik paketleri alman\u0131z gerekir. Aksi halde bu kanallara eri\u015fim sa\u011flayabilmeniz olanaks\u0131zd\u0131r. Bahis sitelerinde ise daha d\u00fc\u015f\u00fck \u00fccretlerle yay\u0131nlar sunulur. Fakat burada ise tamamen \u00fccretsiz bir \u015fekilde yay\u0131n yap\u0131l\u0131yor. Bu da bahis tutkunlar\u0131n\u0131 cezbeden en \u00f6nemli noktalardan biri olarak kar\u015f\u0131m\u0131za \u00e7\u0131k\u0131yor. Ma\u00e7 yay\u0131nlar\u0131 i\u00e7in canl\u0131 tv sistemi devreye sokulmaktad\u0131r. <\/p>\n\n\n\n<p>Bu sistemin giri\u015f adresi ile ana sitenin adresi farkl\u0131d\u0131r. Giri\u015f ba\u011flant\u0131s\u0131n\u0131 \u00f6\u011frenmek i\u00e7in anasayfan\u0131n sa\u011f alt k\u0131sm\u0131nda bulunan canl\u0131 destek hatt\u0131na ba\u011flanabilirsiniz. Alan\u0131nda uzman m\u00fc\u015fteri temsilcileri 1-2 dakika i\u00e7erisinde taraf\u0131n\u0131za geri d\u00f6n\u00fc\u015f sa\u011flayarak canl\u0131 tv adresini bildirecektir. E\u011fer canl\u0131 yard\u0131m hatt\u0131na ba\u011flanmak istemiyorsan\u0131z anasayfan\u0131n en \u00fcst k\u0131sm\u0131nda bulunan tv simgesine t\u0131klayabilirsiniz. Bu alan son derece basit ve kullan\u0131\u015fl\u0131 bir aray\u00fcze sahiptir. Karma\u015f\u0131k yap\u0131lardan s\u0131k\u0131ld\u0131ysan\u0131z do\u011fru adres Betkom olabilir.<\/p>\n\n\n\n<h2 class=\"wp-block-heading\"><strong>Betkom Canl\u0131 Ma\u00e7 Nas\u0131l \u0130zlenir?<\/strong><strong><\/strong><\/h2>\n\n\n\n<p>Birbirin heyecanl\u0131 kar\u015f\u0131la\u015fmalar\u0131 izlemek isteyen kullan\u0131c\u0131lar taraf\u0131ndan <strong>Bektom canl\u0131 ma\u00e7 nas\u0131l izlenir<\/strong>&nbsp;sorusu gelebiliyor. \u00d6ncelikle platforma eri\u015fim sa\u011flay\u0131n ve canl\u0131 tv alan\u0131na girin. Daha sonra kar\u015f\u0131n\u0131za tek sayfal\u0131k bir b\u00f6l\u00fcm \u00e7\u0131kacakt\u0131r. Ayr\u0131ca burada pop\u00fcler ligler, spor bran\u015flar\u0131, oranlar vb. detaylar yer al\u0131r. Hangi ma\u00e7lar\u0131 izlemek istiyorsan\u0131z onun \u00fczerine bir kez t\u0131klaman\u0131z gerekiyor. Ard\u0131ndan yay\u0131n a\u00e7\u0131lacakt\u0131r. Peki, burada hangi ligler var? Hemen a\u00e7\u0131klayal\u0131m:<\/p>\n\n\n\n<ul class=\"wp-block-list\">\n<li>La Liga<\/li>\n\n\n\n<li>Bundesliga<\/li>\n\n\n\n<li>UEFA<\/li>\n\n\n\n<li>\u015eampiyonlar Ligi<\/li>\n\n\n\n<li>S\u00fcper Lig<\/li>\n\n\n\n<li>Avrupa Kupas\u0131<\/li>\n<\/ul>\n\n\n\n<p>Yukar\u0131dakiler ek olarak daha pek \u00e7ok organizasyon bulunmaktad\u0131r. Ayr\u0131ca spor bran\u015flar\u0131 da son derece geni\u015f bir yelpazeye sahiptir. Futbol, basketbol, voleybol, hentbol, buz hokeyi ve masa tenisi gibi modern spor dallar\u0131na ait ma\u00e7lar\u0131 kesintisiz bir \u015fekilde izleyebilirsiniz. T\u00fcm bu ayr\u0131cal\u0131klar bahis tutkunlar\u0131na \u00fccretsiz bir \u015fekilde sunuluyor. \u00d6zellikle standart kal\u0131plar\u0131n d\u0131\u015f\u0131na \u00e7\u0131karak yenilik\u00e7i bir bahis firmas\u0131na dahil olmak istiyorsan\u0131z Betkom imdad\u0131n\u0131za yeti\u015febilmektedir. Tek yapman\u0131z gereken 1-2 dakikan\u0131z\u0131 ay\u0131rarak siteye \u00fcye olmakt\u0131r. Ayn\u0131 \u015fekilde \u00fcyelik i\u015flemlerinden de para al\u0131nmamaktad\u0131r. Bu \u015firketin \u00f6nem verdi\u011fi en \u00f6nemli konu m\u00fc\u015fteri hizmetleridir.<\/p>\n\n\n\n<h3 class=\"wp-block-heading\"><strong>Betkom Ma\u00e7 Yay\u0131n\u0131 Kalitesi<\/strong><strong><\/strong><\/h3>\n\n\n\n<p><strong>Betkom ma\u00e7 yay\u0131n\u0131 kalitesi<\/strong>&nbsp;di\u011fer bahis \u015firketlerine k\u0131yasla \u00e7ok daha \u00fcst\u00fcnd\u00fcr. Pek \u00e7ok futbolsever \u00e7\u00f6z\u00fcn\u00fcrl\u00fc\u011f\u00fc d\u00fc\u015f\u00fck ma\u00e7 yay\u0131nlar\u0131ndan dert yanar. Bu durum seyir zevkini \u00f6nemli \u00f6l\u00e7\u00fcde d\u00fc\u015f\u00fcr\u00fcr. Bir di\u011fer konu ise reklamlard\u0131r. Hatta, ekran\u0131 kaplayan can s\u0131k\u0131c\u0131 reklamlar adeta yay\u0131n\u0131 izletmeyecek derece olabiliyor. \u0130\u015fte Betkom fark\u0131n\u0131 tam da bu nokta da ortaya koyuyor. Ma\u00e7 yay\u0131nlar\u0131nda hi\u00e7bir kullan\u0131c\u0131 reklamlarla kar\u015f\u0131la\u015fm\u0131yor. Bunun yan\u0131nda t\u00fcm ma\u00e7lar\u0131 full HD kalitesinde kesintisiz bir \u015fekilde izleyebiliyorsunuz. \u0130ster bilgisayarlar\u0131n\u0131zdan isterseniz de cep telefonlar\u0131n\u0131zdan bu e\u015fsiz zevki ya\u015fayabilirsiniz. Evinizde, parkta, bah\u00e7e de kahvenizi yudumlarken taraftar\u0131 oldu\u011funuz tak\u0131mlar\u0131 ya da kupon yapt\u0131\u011f\u0131n\u0131z kar\u015f\u0131la\u015fmalar\u0131 takip edebilirsiniz. Diledi\u011finiz zaman oranlar\u0131 kontrol ederek kuponda yapabilirsiniz. <a href=\"https:\/\/betkom.net\/\">Ma\u00e7lar\u0131<\/a> canl\u0131 bir \u015fekilde izlemek \u00e7ok daha isabetli tahmin yapman\u0131z\u0131 sa\u011flayacakt\u0131r. Dolay\u0131s\u0131yla hayallerinizdeki kazan\u00e7lara ula\u015fmaya bir ad\u0131m daha yakla\u015fm\u0131\u015f oluyorsunuz. <strong>Betkom canl\u0131 ma\u00e7 yay\u0131nlar\u0131<\/strong>&nbsp;ile sizlerde fark\u0131 hissedeceksiniz.<\/p>\n","protected":false},"excerpt":{"rendered":"<p>Betkom canl\u0131 ma\u00e7 yay\u0131nlar\u0131&nbsp;veren nadir bahis sitelerinden biridir. G\u00fcn\u00fcm\u00fczde say\u0131lamayacak kadar fazla bahis \u015firketi bulunuyor. Kullan\u0131c\u0131lar genellikle kendileri i\u00e7in en avantajl\u0131 olan siteleri tercih ederler. Her \u015firket kendine has avantajlar ve dezavantajlar bar\u0131nd\u0131r\u0131r. Ancak Betkom, \u00e7\u0131\u011f\u0131r a\u00e7an hizmetleri ile rakiplerinden s\u0131yr\u0131lmay\u0131 ba\u015far\u0131yor. Platformu farkl\u0131 k\u0131lan en \u00f6nemli \u00f6zelliklerden biri \u015f\u00fcphesiz ma\u00e7 yay\u0131nlar\u0131d\u0131r. Bu hizmeti veren &hellip;<\/p>\n","protected":false},"author":1,"featured_media":0,"parent":0,"menu_order":0,"comment_status":"closed","ping_status":"closed","template":"","meta":{"footnotes":""},"class_list":["post-31","page","type-page","status-publish",""],"_links":{"self":[{"href":"https:\/\/betkom.net\/tr\/index.php\/wp-json\/wp\/v2\/pages\/31","targetHints":{"allow":["GET"]}}],"collection":[{"href":"https:\/\/betkom.net\/tr\/index.php\/wp-json\/wp\/v2\/pages"}],"about":[{"href":"https:\/\/betkom.net\/tr\/index.php\/wp-json\/wp\/v2\/types\/page"}],"author":[{"embeddable":true,"href":"https:\/\/betkom.net\/tr\/index.php\/wp-json\/wp\/v2\/users\/1"}],"replies":[{"embeddable":true,"href":"https:\/\/betkom.net\/tr\/index.php\/wp-json\/wp\/v2\/comments?post=31"}],"version-history":[{"count":2,"href":"https:\/\/betkom.net\/tr\/index.php\/wp-json\/wp\/v2\/pages\/31\/revisions"}],"predecessor-version":[{"id":232,"href":"https:\/\/betkom.net\/tr\/index.php\/wp-json\/wp\/v2\/pages\/31\/revisions\/232"}],"wp:attachment":[{"href":"https:\/\/betkom.net\/tr\/index.php\/wp-json\/wp\/v2\/media?parent=31"}],"curies":[{"name":"wp","href":"https:\/\/api.w.org\/{rel}","templated":true}]}}