{"id":29,"date":"2023-03-16T22:11:21","date_gmt":"2023-03-16T22:11:21","guid":{"rendered":"https:\/\/betkom.net\/?page_id=29"},"modified":"2023-10-10T18:33:12","modified_gmt":"2023-10-10T15:33:12","slug":"betkom-canli-mac-sonuclari","status":"publish","type":"page","link":"https:\/\/betkom.net\/tr\/index.php\/betkom-canli-mac-sonuclari\/","title":{"rendered":"Betkom Canl\u0131 Ma\u00e7 Sonu\u00e7lar\u0131"},"content":{"rendered":"\n<p><strong>Betkom canl\u0131 ma\u00e7 sonu\u00e7lar\u0131<\/strong>&nbsp;i\u00e7in anasayfan\u0131n \u00fcst men\u00fclerinde yer alan canl\u0131 bahisler b\u00f6l\u00fcm\u00fcne t\u0131klaman\u0131z yeterli olacakt\u0131r. Burada oynanan t\u00fcm ma\u00e7lar\u0131n anl\u0131k sonu\u00e7lar\u0131 payla\u015f\u0131l\u0131r. Veriler en g\u00fcvenilir kaynaklardan \u00e7ekilir. Herhangi bir gol oldu\u011funda saniyesinde yans\u0131r. Di\u011fer istatistikler de h\u0131zl\u0131 bir \u015fekilde payla\u015f\u0131lmaktad\u0131r. Fauller, kornerler, ta\u00e7lar ve \u00e7ok daha fazlas\u0131 i\u00e7in ilgili m\u00fcsabakan\u0131n \u00fczerine t\u0131klayabilirsiniz. Canl\u0131 ma\u00e7lar\u0131 takip etmek, kazanma \u015fans\u0131n\u0131z\u0131 art\u0131r\u0131r. \u00c7\u00fcnk\u00fc ma\u00e7\u0131n gidi\u015fat\u0131na dair fikir sahibi olman\u0131z\u0131 sa\u011flar. Dolay\u0131s\u0131yla isabet oran\u0131n\u0131zda y\u00fckselir. Betkom canl\u0131 ma\u00e7lar\u0131 di\u011fer platformlara k\u0131yasla \u00e7ok daha y\u00fcksek oranlara sahiptir. Kazan\u00e7lar\u0131n\u0131z\u0131 katlayabilece\u011finiz g\u00fcvenilir bir platform ar\u0131yorsan\u0131z Betcom\u2019u denemenizde fayda var. Siteye \u00fcye olmak tamamen \u00fccretsizdir. Herhangi bir abonelik ya da VIP pakette bulunmaz. Tek yapman\u0131z gereken belirtilen para yat\u0131rma y\u00f6ntemleriyle bakiye y\u00fcklemektir. \u00d6demenizin ard\u0131ndan bakiyeniz h\u0131zl\u0131 bir \u015fekilde panelinize yans\u0131r.<\/p>\n\n\n\n<h2 class=\"wp-block-heading\"><strong>Betkom \u00dccretsiz Canl\u0131 \u0130zle<\/strong><strong><\/strong><\/h2>\n\n\n\n<p> HD ma\u00e7 izlemeyi sevenler siteye gelerek <strong>Betkom \u00fccretsiz canl\u0131 izle<\/strong>&nbsp;sayfas\u0131na g\u00f6z at\u0131yor. Sitenin bu b\u00f6l\u00fcm\u00fc renkli tasar\u0131m\u0131, ger\u00e7ek krupiyeleri ve oyun g\u00f6rselleriyle adeta g\u00f6z dolduruyor. Canl\u0131 ma\u00e7lar her zaman tercih sebebidir \u00e7\u00fcnk\u00fc \u00fccretsiz izlemek size sadece para kazanman\u0131n keyfini ya\u015fatmakla kalmaz, ayn\u0131 zamanda e\u011flenmenizi de sa\u011flar. Pop\u00fcler liglerle canl\u0131 bahis alan\u0131nda kullan\u0131c\u0131lar\u0131 kar\u015f\u0131layan site, bahis tutkunlar\u0131na bu oyunlarda di\u011fer kullan\u0131c\u0131lara kar\u015f\u0131 bir ad\u0131m \u00f6nde olma imk\u00e2n\u0131 vermekte ve bu sayede rekabet ortam\u0131 yaratmaktad\u0131r. Ayr\u0131ca casino b\u00f6l\u00fcm\u00fc de canl\u0131d\u0131r. Burada kullan\u0131c\u0131lar her oyun i\u00e7in ayr\u0131 a\u00e7\u0131k masalarda ger\u00e7ek krupiye rehberli\u011finde sisteme kar\u015f\u0131 oynayabilirler. <\/p>\n\n\n\n<p> Oyunlar\u0131n \u015fansa dayal\u0131 olmas\u0131 daha k\u00fc\u00e7\u00fck sistemli oyunlarda kazanma \u015fans\u0131n\u0131 artt\u0131rmaktad\u0131r. Bilgi ve deneyim bu oyunlar\u0131 kazanmak i\u00e7in yeterli de\u011fildir. Bilhassa rulet oyununun kazanma olas\u0131l\u0131\u011f\u0131na sahip olmas\u0131 dikkatli bir \u00e7al\u0131\u015fma ve \u015fans gerektirmektedir. Bu siteyi T\u00fcrkiye&#8217;de \u00fcnl\u00fc yapan en \u00f6nemli etkenlerden biri kazan\u00e7 oranlar\u0131n\u0131n y\u00fcksek olmas\u0131d\u0131r. \u00d6zellikle canl\u0131 ma\u00e7lar\u0131n HD sevenler i\u00e7in \u00f6zel olarak tasarlanm\u0131\u015f olmas\u0131, site y\u00f6netiminin kullan\u0131c\u0131 profillerine verdi\u011fi de\u011ferin bir g\u00f6stergesidir.<\/p>\n\n\n\n<h3 class=\"wp-block-heading\"><strong>Betkom Canl\u0131 Ma\u00e7 Bonuslar\u0131<\/strong><strong><\/strong><\/h3>\n\n\n\n<p><strong>Betkom canl\u0131 ma\u00e7 bonuslar\u0131<\/strong>&nbsp;ile kaybetmek art\u0131k tarihe kar\u0131\u015f\u0131yor. Canl\u0131 ma\u00e7 alan\u0131, HD tutkunlar\u0131n\u0131n kar elde etmek veya paralar\u0131n\u0131 daha iyi de\u011ferlendirmek i\u00e7in belirli stratejilerle oyunlar oynad\u0131\u011f\u0131 ilgin\u00e7 bir aland\u0131r. Bu alan\u0131n temel amac\u0131n\u0131n para kazanmak olmas\u0131, web sitelerinin kullan\u0131c\u0131lar\u0131na d\u00fczenli olarak bonus ve promosyon kampanyalar\u0131 sunmas\u0131na neden olmaktad\u0131r. Sekt\u00f6rel kullan\u0131c\u0131 memnuniyeti sayesinde Betkom sitesi \u00fcyelerine d\u00fczenli olarak bonus kampanyalar\u0131 da sunmaktad\u0131r. Sitenin belirli \u00e7evrim \u015fartlar\u0131nda bu bonuslar\u0131 vermesi ile ilgili herhangi bir sorun ya\u015famaman\u0131z i\u00e7in bonus \u00e7evrim \u015fartlar\u0131n\u0131 eksiksiz okuman\u0131z \u00f6nemlidir. Sitenin kullan\u0131c\u0131n\u0131n siteyi kabul etmesi i\u00e7in d\u00f6n\u00fc\u015f\u00fcm gerektirmedi\u011fi tek bonus t\u00fcr\u00fc ho\u015f geldin bonusudur. Ayr\u0131ca \u015firket, her yerde ve her zaman ortaya \u00e7\u0131kan bonuslarla kullan\u0131c\u0131lar\u0131 sitede aktif olmaya te\u015fvik eder. Sitenin sosyal medya hesaplar\u0131 \u00fczerinden sundu\u011fu g\u00fcnl\u00fck \u00f6d\u00fclleri de en \u00e7ok kazand\u0131ran \u00f6d\u00fcl t\u00fcrleri aras\u0131nda yer al\u0131yor.<\/p>\n\n\n\n<h4 class=\"wp-block-heading\"><strong>Betkom Mobilden Canl\u0131 \u0130zle<\/strong><strong><\/strong><\/h4>\n\n\n\n<p>Bu alanda hizmetlerini s\u00fcrekli yenileyen veya bir yenisini ekleyen. Betkom sitesinin tek amac\u0131 keyifli bir yay\u0131n hizmeti sunmakt\u0131r. Bu nedenle site i\u00e7eri\u011fine eklenen mobil uygulama her \u015feyden \u00e7ok bu amaca hizmet etmektedir. Bu uygulama ile siteye \u00fcye olmak, bilgisayar\u0131 olmayan ki\u015filerin. Bu \u015fekilde ma\u00e7 yay\u0131nlar\u0131na dahil olmas\u0131na yard\u0131mc\u0131 olmu\u015ftur. <strong>Betkom mobilden canl\u0131 izle<\/strong>&nbsp;deneyimini normal kanallarla ayn\u0131 canl\u0131l\u0131kta sunan uygulama. T\u00fcm ak\u0131ll\u0131 telefon modelleriyle uyumludur. Bu sayede kolayca indirilip kurulabilir. Al\u0131nan bilgilerin oyuna h\u0131zl\u0131 bir \u015fekilde uygulanmas\u0131na <a href=\"https:\/\/betkom.net\/\">b\u00fcy\u00fck<\/a> katk\u0131 sa\u011flayan mobil uygulama ile kullan\u0131c\u0131. Oyunun istatistiklerini de takip edebilme olana\u011f\u0131na sahip oluyor. Bu uygulamada kullan\u0131c\u0131lar her t\u00fcrl\u00fc i\u015flemi en rahat ve basit \u015fekilde ger\u00e7ekle\u015ftirebilmektedir.&nbsp;Ayr\u0131ca buradan <strong>Betkom canl\u0131 ma\u00e7 sonu\u00e7lar\u0131<\/strong>&nbsp;da yay\u0131nlanmaktad\u0131r.<\/p>\n","protected":false},"excerpt":{"rendered":"<p>Betkom canl\u0131 ma\u00e7 sonu\u00e7lar\u0131&nbsp;i\u00e7in anasayfan\u0131n \u00fcst men\u00fclerinde yer alan canl\u0131 bahisler b\u00f6l\u00fcm\u00fcne t\u0131klaman\u0131z yeterli olacakt\u0131r. Burada oynanan t\u00fcm ma\u00e7lar\u0131n anl\u0131k sonu\u00e7lar\u0131 payla\u015f\u0131l\u0131r. Veriler en g\u00fcvenilir kaynaklardan \u00e7ekilir. Herhangi bir gol oldu\u011funda saniyesinde yans\u0131r. Di\u011fer istatistikler de h\u0131zl\u0131 bir \u015fekilde payla\u015f\u0131lmaktad\u0131r. Fauller, kornerler, ta\u00e7lar ve \u00e7ok daha fazlas\u0131 i\u00e7in ilgili m\u00fcsabakan\u0131n \u00fczerine t\u0131klayabilirsiniz. Canl\u0131 ma\u00e7lar\u0131 takip &hellip;<\/p>\n","protected":false},"author":1,"featured_media":0,"parent":0,"menu_order":0,"comment_status":"closed","ping_status":"closed","template":"","meta":{"footnotes":""},"class_list":["post-29","page","type-page","status-publish",""],"_links":{"self":[{"href":"https:\/\/betkom.net\/tr\/index.php\/wp-json\/wp\/v2\/pages\/29","targetHints":{"allow":["GET"]}}],"collection":[{"href":"https:\/\/betkom.net\/tr\/index.php\/wp-json\/wp\/v2\/pages"}],"about":[{"href":"https:\/\/betkom.net\/tr\/index.php\/wp-json\/wp\/v2\/types\/page"}],"author":[{"embeddable":true,"href":"https:\/\/betkom.net\/tr\/index.php\/wp-json\/wp\/v2\/users\/1"}],"replies":[{"embeddable":true,"href":"https:\/\/betkom.net\/tr\/index.php\/wp-json\/wp\/v2\/comments?post=29"}],"version-history":[{"count":3,"href":"https:\/\/betkom.net\/tr\/index.php\/wp-json\/wp\/v2\/pages\/29\/revisions"}],"predecessor-version":[{"id":233,"href":"https:\/\/betkom.net\/tr\/index.php\/wp-json\/wp\/v2\/pages\/29\/revisions\/233"}],"wp:attachment":[{"href":"https:\/\/betkom.net\/tr\/index.php\/wp-json\/wp\/v2\/media?parent=29"}],"curies":[{"name":"wp","href":"https:\/\/api.w.org\/{rel}","templated":true}]}}